{"id":281,"date":"2024-06-13T12:43:52","date_gmt":"2024-06-13T10:43:52","guid":{"rendered":"https:\/\/aboaonda.com\/?page_id=281"},"modified":"2025-04-09T17:55:04","modified_gmt":"2025-04-09T15:55:04","slug":"declaracion-de-accesibilidad","status":"publish","type":"page","link":"https:\/\/cunchas.com\/index.php\/declaracion-de-accesibilidad\/","title":{"rendered":"Declaraci\u00f3n de accesibilidad"},"content":{"rendered":"[et_pb_section fb_built=\u00bb1&#8243; admin_label=\u00bbsection\u00bb _builder_version=\u00bb4.16&#8243; global_colors_info=\u00bb{}\u00bb][et_pb_row admin_label=\u00bbrow\u00bb _builder_version=\u00bb4.16&#8243; background_size=\u00bbinitial\u00bb background_position=\u00bbtop_left\u00bb background_repeat=\u00bbrepeat\u00bb global_colors_info=\u00bb{}\u00bb][et_pb_column type=\u00bb4_4&#8243; _builder_version=\u00bb4.16&#8243; custom_padding=\u00bb|||\u00bb global_colors_info=\u00bb{}\u00bb custom_padding__hover=\u00bb|||\u00bb][et_pb_text admin_label=\u00bbText\u00bb _builder_version=\u00bb4.25.1&#8243; background_size=\u00bbinitial\u00bb background_position=\u00bbtop_left\u00bb background_repeat=\u00bbrepeat\u00bb hover_enabled=\u00bb0&#8243; global_colors_info=\u00bb{}\u00bb sticky_enabled=\u00bb0&#8243;]<p><\/p>\n<ol class=\"wp-block-list\">\n<ol><\/p>\n<li><strong>Accesibilidad<\/strong><\/li>\n<\/ol>\n<\/ol>\n<p><\/p>\n<p><\/p>\n<p>Este sitio web es accesible, de conformidad con el Real Decreto 1112\/2018, de 7 de septiembre, sobre accesibilidad de los sitios web y aplicaciones para dispositivos m\u00f3viles.<\/p>\n<p><\/p>\n<p>La presente declaraci\u00f3n de accesibilidad se aplica al sitio web https:\/\/cunchas.com<\/p>\n<p><\/p>\n<p><\/p>\n<ol class=\"wp-block-list\" start=\"2\">\n<ol start=\"2\"><\/p>\n<li><strong>Situaci\u00f3n de cumplimiento<\/strong><\/li>\n<\/ol>\n<\/ol>\n<p><\/p>\n<p><\/p>\n<p>Este sitio web es parcialmente conforme con el RD 1112\/2018 debido a las excepciones y a la falta de conformidad de los aspectos que se indican en el siguiente punto.<\/p>\n<p><\/p>\n<p><\/p>\n<ol class=\"wp-block-list\" start=\"3\">\n<ol start=\"3\"><\/p>\n<li><strong>Contenido no accesible<\/strong><\/li>\n<\/ol>\n<\/ol>\n<p><\/p>\n<p><\/p>\n<p>El contenido que se recoge a continuaci\u00f3n no es accesible por lo siguiente:<\/p>\n<p><\/p>\n<p>Falta de conformidad con el RD 1112\/2018<\/p>\n<p><\/p>\n<p>Podr\u00edan existir documentos ofim\u00e1ticos en PDF y otros formatos que no cumplan en su totalidad los requisitos de accesibilidad. Aunque se ha procurado que la mayor\u00eda de ellos s\u00ed lo cumplan.<\/p>\n<p><\/p>\n<p>Podr\u00edan existir errores de c\u00f3digo puntuales de edici\u00f3n en alguna p\u00e1gina web.<\/p>\n<p><\/p>\n<p><\/p>\n<ol class=\"wp-block-list\" start=\"4\">\n<ol start=\"4\"><\/p>\n<li><strong>Preparaci\u00f3n de esta declaraci\u00f3n de accesibilidad<\/strong><\/li>\n<\/ol>\n<\/ol>\n<p><\/p>\n<p><\/p>\n<p>La presente declaraci\u00f3n fue preparada el 6 de Mayo de 2024.<\/p>\n<p><\/p>\n<p>El m\u00e9todo empleado para preparar la declaraci\u00f3n ha sido una autoevaluaci\u00f3n llevada a cabo por la empresa desarrolladora de la p\u00e1gina web.<\/p>\n<p><\/p>\n<p><\/p>\n<ol class=\"wp-block-list\" start=\"5\">\n<ol start=\"5\"><\/p>\n<li><strong>Comentarios e informaci\u00f3n de contacto<\/strong><\/li>\n<\/ol>\n<\/ol>\n<p><\/p>\n<p><\/p>\n<p>Puede realizar comunicaciones sobre requisitos de accesibilidad (art\u00edculo 10.2.a del RD 1112\/2018) como, por ejemplo:<\/p>\n<p><\/p>\n<p>Informar sobre cualquier posible incumplimiento por parte de este sitio web.<\/p>\n<p><\/p>\n<p>Transmitir otras dificultades de acceso al contenido.<\/p>\n<p><\/p>\n<p>Formular cualquier otra consulta o sugerencia de mejora relativa a la accesibilidad del sitio web a trav\u00e9s del formulario de contacto de este sitio web.<\/p>\n<p><\/p>\n<p>Puede presentar:<\/p>\n<p><\/p>\n<p>Queja relativa al cumplimiento de los requisitos del RD 1112\/2018 o<\/p>\n<p><\/p>\n<p>Solicitud de Informaci\u00f3n accesible relativa a:<\/p>\n<p><\/p>\n<p>Contenidos que est\u00e1n excluidos del \u00e1mbito de aplicaci\u00f3n del RD 1112\/2018 seg\u00fan lo establecido por el art\u00edculo 3, apartado 4.<\/p>\n<p><\/p>\n<p>Contenidos que est\u00e1n exentos del cumplimiento de los requisitos de accesibilidad por imponer una carga desproporcionada.<\/p>\n<p><\/p>\n<p>En la Solicitud de informaci\u00f3n accesible, se debe concretar, con toda claridad, los hechos, razones y petici\u00f3n que permitan constatar que se trata de una solicitud razonable y leg\u00edtima.<\/p>\n<p><\/p>\n<p>Las quejas y reclamaciones sobre informaci\u00f3n accesible se realizar\u00e1n a trav\u00e9s de a trav\u00e9s del formulario de contacto de este sitio web.<\/p>\n<p><\/p>[\/et_pb_text][\/et_pb_column][\/et_pb_row][\/et_pb_section]","protected":false},"excerpt":{"rendered":"<p>Accesibilidad Este sitio web es accesible, de conformidad con el Real Decreto 1112\/2018, de 7 de septiembre, sobre accesibilidad de los sitios web y aplicaciones para dispositivos m\u00f3viles. La presente declaraci\u00f3n de accesibilidad se aplica al sitio web https:\/\/cunchas.com Situaci\u00f3n de cumplimiento Este sitio web es parcialmente conforme con el RD 1112\/2018 debido a las [&hellip;]<\/p>\n","protected":false},"author":1,"featured_media":0,"parent":0,"menu_order":0,"comment_status":"closed","ping_status":"closed","template":"","meta":{"_et_pb_use_builder":"on","_et_pb_old_content":"<!-- wp:list {\"ordered\":true} -->\n<ol><!-- wp:list-item -->\n<li><strong>Accesibilidad<\/strong><\/li>\n<!-- \/wp:list-item --><\/ol>\n<!-- \/wp:list -->\n\n<!-- wp:paragraph -->\n<p>Este sitio web es accesible, de conformidad con el Real Decreto 1112\/2018, de 7 de septiembre, sobre accesibilidad de los sitios web y aplicaciones para dispositivos m\u00f3viles.<\/p>\n<!-- \/wp:paragraph -->\n\n<!-- wp:paragraph -->\n<p>La presente declaraci\u00f3n de accesibilidad se aplica al sitio web https:\/\/aboaonda.com<\/p>\n<!-- \/wp:paragraph -->\n\n<!-- wp:list {\"ordered\":true,\"start\":2} -->\n<ol start=\"2\"><!-- wp:list-item -->\n<li><strong>Situaci\u00f3n de cumplimiento<\/strong><\/li>\n<!-- \/wp:list-item --><\/ol>\n<!-- \/wp:list -->\n\n<!-- wp:paragraph -->\n<p>Este sitio web es parcialmente conforme con el RD 1112\/2018 debido a las excepciones y a la falta de conformidad de los aspectos que se indican en el siguiente punto.<\/p>\n<!-- \/wp:paragraph -->\n\n<!-- wp:list {\"ordered\":true,\"start\":3} -->\n<ol start=\"3\"><!-- wp:list-item -->\n<li><strong>Contenido no accesible<\/strong><\/li>\n<!-- \/wp:list-item --><\/ol>\n<!-- \/wp:list -->\n\n<!-- wp:paragraph -->\n<p>El contenido que se recoge a continuaci\u00f3n no es accesible por lo siguiente:<\/p>\n<!-- \/wp:paragraph -->\n\n<!-- wp:paragraph -->\n<p>Falta de conformidad con el RD 1112\/2018<\/p>\n<!-- \/wp:paragraph -->\n\n<!-- wp:paragraph -->\n<p>Podr\u00edan existir documentos ofim\u00e1ticos en PDF y otros formatos que no cumplan en su totalidad los requisitos de accesibilidad. Aunque se ha procurado que la mayor\u00eda de ellos s\u00ed lo cumplan.<\/p>\n<!-- \/wp:paragraph -->\n\n<!-- wp:paragraph -->\n<p>Podr\u00edan existir errores de c\u00f3digo puntuales de edici\u00f3n en alguna p\u00e1gina web.<\/p>\n<!-- \/wp:paragraph -->\n\n<!-- wp:list {\"ordered\":true,\"start\":4} -->\n<ol start=\"4\"><!-- wp:list-item -->\n<li><strong>Preparaci\u00f3n de esta declaraci\u00f3n de accesibilidad<\/strong><\/li>\n<!-- \/wp:list-item --><\/ol>\n<!-- \/wp:list -->\n\n<!-- wp:paragraph -->\n<p>La presente declaraci\u00f3n fue preparada el 6 de Mayo de 2024.<\/p>\n<!-- \/wp:paragraph -->\n\n<!-- wp:paragraph -->\n<p>El m\u00e9todo empleado para preparar la declaraci\u00f3n ha sido una autoevaluaci\u00f3n llevada a cabo por la empresa desarrolladora de la p\u00e1gina web.<\/p>\n<!-- \/wp:paragraph -->\n\n<!-- wp:list {\"ordered\":true,\"start\":5} -->\n<ol start=\"5\"><!-- wp:list-item -->\n<li><strong>Comentarios e informaci\u00f3n de contacto<\/strong><\/li>\n<!-- \/wp:list-item --><\/ol>\n<!-- \/wp:list -->\n\n<!-- wp:paragraph -->\n<p>Puede realizar comunicaciones sobre requisitos de accesibilidad (art\u00edculo 10.2.a del RD 1112\/2018) como, por ejemplo:<\/p>\n<!-- \/wp:paragraph -->\n\n<!-- wp:paragraph -->\n<p>Informar sobre cualquier posible incumplimiento por parte de este sitio web.<\/p>\n<!-- \/wp:paragraph -->\n\n<!-- wp:paragraph -->\n<p>Transmitir otras dificultades de acceso al contenido.<\/p>\n<!-- \/wp:paragraph -->\n\n<!-- wp:paragraph -->\n<p>Formular cualquier otra consulta o sugerencia de mejora relativa a la accesibilidad del sitio web a trav\u00e9s del formulario de contacto de este sitio web.<\/p>\n<!-- \/wp:paragraph -->\n\n<!-- wp:paragraph -->\n<p>Puede presentar:<\/p>\n<!-- \/wp:paragraph -->\n\n<!-- wp:paragraph -->\n<p>Queja relativa al cumplimiento de los requisitos del RD 1112\/2018 o<\/p>\n<!-- \/wp:paragraph -->\n\n<!-- wp:paragraph -->\n<p>Solicitud de Informaci\u00f3n accesible relativa a:<\/p>\n<!-- \/wp:paragraph -->\n\n<!-- wp:paragraph -->\n<p>Contenidos que est\u00e1n excluidos del \u00e1mbito de aplicaci\u00f3n del RD 1112\/2018 seg\u00fan lo establecido por el art\u00edculo 3, apartado 4.<\/p>\n<!-- \/wp:paragraph -->\n\n<!-- wp:paragraph -->\n<p>Contenidos que est\u00e1n exentos del cumplimiento de los requisitos de accesibilidad por imponer una carga desproporcionada.<\/p>\n<!-- \/wp:paragraph -->\n\n<!-- wp:paragraph -->\n<p>En la Solicitud de informaci\u00f3n accesible, se debe concretar, con toda claridad, los hechos, razones y petici\u00f3n que permitan constatar que se trata de una solicitud razonable y leg\u00edtima.<\/p>\n<!-- \/wp:paragraph -->\n\n<!-- wp:paragraph -->\n<p>Las quejas y reclamaciones sobre informaci\u00f3n accesible se realizar\u00e1n a trav\u00e9s de a trav\u00e9s del formulario de contacto de este sitio web.<\/p>\n<!-- \/wp:paragraph -->","_et_gb_content_width":"1080","footnotes":""},"class_list":["post-281","page","type-page","status-publish","hentry"],"yoast_head":"<!-- This site is optimized with the Yoast SEO plugin v22.9 - https:\/\/yoast.com\/wordpress\/plugins\/seo\/ -->\n<title>Declaraci\u00f3n de accesibilidad | Cunchas<\/title>\n<meta name=\"robots\" content=\"index, follow, max-snippet:-1, max-image-preview:large, max-video-preview:-1\" \/>\n<link rel=\"canonical\" href=\"https:\/\/cunchas.com\/index.php\/declaracion-de-accesibilidad\/\" \/>\n<meta property=\"og:locale\" content=\"es_ES\" \/>\n<meta property=\"og:type\" content=\"article\" \/>\n<meta property=\"og:title\" content=\"Declaraci\u00f3n de accesibilidad | Cunchas\" \/>\n<meta property=\"og:description\" content=\"Accesibilidad Este sitio web es accesible, de conformidad con el Real Decreto 1112\/2018, de 7 de septiembre, sobre accesibilidad de los sitios web y aplicaciones para dispositivos m\u00f3viles. La presente declaraci\u00f3n de accesibilidad se aplica al sitio web https:\/\/cunchas.com Situaci\u00f3n de cumplimiento Este sitio web es parcialmente conforme con el RD 1112\/2018 debido a las [&hellip;]\" \/>\n<meta property=\"og:url\" content=\"https:\/\/cunchas.com\/index.php\/declaracion-de-accesibilidad\/\" \/>\n<meta property=\"og:site_name\" content=\"Cunchas\" \/>\n<meta property=\"article:modified_time\" content=\"2025-04-09T15:55:04+00:00\" \/>\n<meta name=\"twitter:card\" content=\"summary_large_image\" \/>\n<meta name=\"twitter:label1\" content=\"Tiempo de lectura\" \/>\n\t<meta name=\"twitter:data1\" content=\"2 minutos\" \/>\n<script type=\"application\/ld+json\" class=\"yoast-schema-graph\">{\"@context\":\"https:\/\/schema.org\",\"@graph\":[{\"@type\":\"WebPage\",\"@id\":\"https:\/\/cunchas.com\/index.php\/declaracion-de-accesibilidad\/\",\"url\":\"https:\/\/cunchas.com\/index.php\/declaracion-de-accesibilidad\/\",\"name\":\"Declaraci\u00f3n de accesibilidad | Cunchas\",\"isPartOf\":{\"@id\":\"https:\/\/cunchas.com\/#website\"},\"datePublished\":\"2024-06-13T10:43:52+00:00\",\"dateModified\":\"2025-04-09T15:55:04+00:00\",\"breadcrumb\":{\"@id\":\"https:\/\/cunchas.com\/index.php\/declaracion-de-accesibilidad\/#breadcrumb\"},\"inLanguage\":\"es\",\"potentialAction\":[{\"@type\":\"ReadAction\",\"target\":[\"https:\/\/cunchas.com\/index.php\/declaracion-de-accesibilidad\/\"]}]},{\"@type\":\"BreadcrumbList\",\"@id\":\"https:\/\/cunchas.com\/index.php\/declaracion-de-accesibilidad\/#breadcrumb\",\"itemListElement\":[{\"@type\":\"ListItem\",\"position\":1,\"name\":\"Portada\",\"item\":\"https:\/\/cunchas.com\/\"},{\"@type\":\"ListItem\",\"position\":2,\"name\":\"Declaraci\u00f3n de accesibilidad\"}]},{\"@type\":\"WebSite\",\"@id\":\"https:\/\/cunchas.com\/#website\",\"url\":\"https:\/\/cunchas.com\/\",\"name\":\"A Boa Onda\",\"description\":\"Chiringuito en playa das cunchas en rianxo\",\"publisher\":{\"@id\":\"https:\/\/cunchas.com\/#organization\"},\"potentialAction\":[{\"@type\":\"SearchAction\",\"target\":{\"@type\":\"EntryPoint\",\"urlTemplate\":\"https:\/\/cunchas.com\/?s={search_term_string}\"},\"query-input\":\"required name=search_term_string\"}],\"inLanguage\":\"es\"},{\"@type\":\"Organization\",\"@id\":\"https:\/\/cunchas.com\/#organization\",\"name\":\"A Boa Onda\",\"url\":\"https:\/\/cunchas.com\/\",\"logo\":{\"@type\":\"ImageObject\",\"inLanguage\":\"es\",\"@id\":\"https:\/\/cunchas.com\/#\/schema\/logo\/image\/\",\"url\":\"https:\/\/aboaonda.com\/wp-content\/uploads\/2024\/06\/logo-blanco-1.png\",\"contentUrl\":\"https:\/\/aboaonda.com\/wp-content\/uploads\/2024\/06\/logo-blanco-1.png\",\"width\":219,\"height\":251,\"caption\":\"A Boa Onda\"},\"image\":{\"@id\":\"https:\/\/cunchas.com\/#\/schema\/logo\/image\/\"},\"sameAs\":[\"https:\/\/www.instagram.com\/a_boa_onda_rianxo\/\"]}]}<\/script>\n<!-- \/ Yoast SEO plugin. -->","yoast_head_json":{"title":"Declaraci\u00f3n de accesibilidad | Cunchas","robots":{"index":"index","follow":"follow","max-snippet":"max-snippet:-1","max-image-preview":"max-image-preview:large","max-video-preview":"max-video-preview:-1"},"canonical":"https:\/\/cunchas.com\/index.php\/declaracion-de-accesibilidad\/","og_locale":"es_ES","og_type":"article","og_title":"Declaraci\u00f3n de accesibilidad | Cunchas","og_description":"Accesibilidad Este sitio web es accesible, de conformidad con el Real Decreto 1112\/2018, de 7 de septiembre, sobre accesibilidad de los sitios web y aplicaciones para dispositivos m\u00f3viles. La presente declaraci\u00f3n de accesibilidad se aplica al sitio web https:\/\/cunchas.com Situaci\u00f3n de cumplimiento Este sitio web es parcialmente conforme con el RD 1112\/2018 debido a las [&hellip;]","og_url":"https:\/\/cunchas.com\/index.php\/declaracion-de-accesibilidad\/","og_site_name":"Cunchas","article_modified_time":"2025-04-09T15:55:04+00:00","twitter_card":"summary_large_image","twitter_misc":{"Tiempo de lectura":"2 minutos"},"schema":{"@context":"https:\/\/schema.org","@graph":[{"@type":"WebPage","@id":"https:\/\/cunchas.com\/index.php\/declaracion-de-accesibilidad\/","url":"https:\/\/cunchas.com\/index.php\/declaracion-de-accesibilidad\/","name":"Declaraci\u00f3n de accesibilidad | Cunchas","isPartOf":{"@id":"https:\/\/cunchas.com\/#website"},"datePublished":"2024-06-13T10:43:52+00:00","dateModified":"2025-04-09T15:55:04+00:00","breadcrumb":{"@id":"https:\/\/cunchas.com\/index.php\/declaracion-de-accesibilidad\/#breadcrumb"},"inLanguage":"es","potentialAction":[{"@type":"ReadAction","target":["https:\/\/cunchas.com\/index.php\/declaracion-de-accesibilidad\/"]}]},{"@type":"BreadcrumbList","@id":"https:\/\/cunchas.com\/index.php\/declaracion-de-accesibilidad\/#breadcrumb","itemListElement":[{"@type":"ListItem","position":1,"name":"Portada","item":"https:\/\/cunchas.com\/"},{"@type":"ListItem","position":2,"name":"Declaraci\u00f3n de accesibilidad"}]},{"@type":"WebSite","@id":"https:\/\/cunchas.com\/#website","url":"https:\/\/cunchas.com\/","name":"A Boa Onda","description":"Chiringuito en playa das cunchas en rianxo","publisher":{"@id":"https:\/\/cunchas.com\/#organization"},"potentialAction":[{"@type":"SearchAction","target":{"@type":"EntryPoint","urlTemplate":"https:\/\/cunchas.com\/?s={search_term_string}"},"query-input":"required name=search_term_string"}],"inLanguage":"es"},{"@type":"Organization","@id":"https:\/\/cunchas.com\/#organization","name":"A Boa Onda","url":"https:\/\/cunchas.com\/","logo":{"@type":"ImageObject","inLanguage":"es","@id":"https:\/\/cunchas.com\/#\/schema\/logo\/image\/","url":"https:\/\/aboaonda.com\/wp-content\/uploads\/2024\/06\/logo-blanco-1.png","contentUrl":"https:\/\/aboaonda.com\/wp-content\/uploads\/2024\/06\/logo-blanco-1.png","width":219,"height":251,"caption":"A Boa Onda"},"image":{"@id":"https:\/\/cunchas.com\/#\/schema\/logo\/image\/"},"sameAs":["https:\/\/www.instagram.com\/a_boa_onda_rianxo\/"]}]}},"_links":{"self":[{"href":"https:\/\/cunchas.com\/index.php\/wp-json\/wp\/v2\/pages\/281","targetHints":{"allow":["GET"]}}],"collection":[{"href":"https:\/\/cunchas.com\/index.php\/wp-json\/wp\/v2\/pages"}],"about":[{"href":"https:\/\/cunchas.com\/index.php\/wp-json\/wp\/v2\/types\/page"}],"author":[{"embeddable":true,"href":"https:\/\/cunchas.com\/index.php\/wp-json\/wp\/v2\/users\/1"}],"replies":[{"embeddable":true,"href":"https:\/\/cunchas.com\/index.php\/wp-json\/wp\/v2\/comments?post=281"}],"version-history":[{"count":3,"href":"https:\/\/cunchas.com\/index.php\/wp-json\/wp\/v2\/pages\/281\/revisions"}],"predecessor-version":[{"id":867,"href":"https:\/\/cunchas.com\/index.php\/wp-json\/wp\/v2\/pages\/281\/revisions\/867"}],"wp:attachment":[{"href":"https:\/\/cunchas.com\/index.php\/wp-json\/wp\/v2\/media?parent=281"}],"curies":[{"name":"wp","href":"https:\/\/api.w.org\/{rel}","templated":true}]}}